{"id":5623,"date":"2023-07-31T10:54:19","date_gmt":"2023-07-31T10:54:19","guid":{"rendered":"http:\/\/saudyklajonava.lt\/?post_type=product&#038;p=5623"},"modified":"2023-08-10T07:22:43","modified_gmt":"2023-08-10T07:22:43","slug":"saudymas-is-3-koviniu-ginklu","status":"publish","type":"product","link":"https:\/\/saudyklajonava.lt\/?product=saudymas-is-3-koviniu-ginklu","title":{"rendered":"\u0160AUDYMAS I\u0160 3 KOVINI\u0172 GINKL\u0172"},"content":{"rendered":"<div class=\"hold-box-name\">Pasirinkus \u0161\u012f pasi\u016blym\u0105 J\u016bs\u0173 laukia:<\/div>\n<div class=\"hold-box-in\">\n<ul class=\"good-features\">\n<li>10 \u0161\u016bvi\u0173 i\u0161 karabino \u201eAR-15\u201c 223 Rem kalibras;<\/li>\n<li>10 \u0161\u016bvi\u0173 i\u0161 pusiau automatinio \u0161autuvo Heckler&amp;Koch SL8, 223 Rem kalibras;<\/li>\n<li>10 \u0161\u016bvi\u0173 i\u0161 Bullpup sistemos automatinio \u0161autuvo Kel-Tec, 223 Rem kalibras;<\/li>\n<\/ul>\n<p class=\"important-e\"><strong><span class=\"important-inline\">Svarbu:\u00a0<\/span><\/strong>\u0160audoma pasirinktinai \u012f stovint\u012f (popierin\u012f ar metalin\u012f) arba skriejant\u012f taikin\u012f.\u00a0Paslauga neteikiama esant gausiems krituliams.\u00a0Rezervacij\u0105 galima at\u0161aukti likus ne ma\u017eiau\u00a03 dienoms\u00a0iki atvykimo.<\/p>\n<p>Dovanokite adrenalino kupinas akimirkas, rankose laikant tikr\u0105 ginkl\u0105!<\/p>\n<div class=\"heading\"><strong>ORO S\u0104LYGOS<\/strong><\/div>\n<p>Paslauga neteikiama esant gausiems krituliams.<\/p>\n<div class=\"heading\"><strong>APRANGA<\/strong><\/div>\n<p>Pasirinkus \u0161audyti \u012f metalin\u012f taikin\u012f, b\u016btina tur\u0117ti kepur\u0117l\u0119 su snapeliu ir pir\u0161tines.<\/p>\n<div class=\"heading\"><strong>B\u016aTINA I\u0160ANKSTIN\u0116 REGISTRACIJA<\/strong><\/div>\n<p>Paslaugos teik\u0117jo duomenys bus matomi \u012fsigijus dovan\u0173 \u010dek\u012f<\/p>\n<div class=\"heading\"><strong>GALIOJIMO TRUKM\u0116<\/strong><\/div>\n<p>6 m\u0117n.<\/p>\n<\/div>\n","protected":false},"excerpt":{"rendered":"<p>I\u0161m\u0117ginkite adrenalino ir azarto kupin\u0105 pramog\u0105 lauko \u0161audykloje. Tikri ginklai bus J\u016bs\u0173 rankose! Patyr\u0119s instruktorius pr\u0430ves edukacij\u0105 apie ginklus ir mokys taisyklingai laikyti ginkl\u0105, taikytis. Nenorintys pa\u0161audyti gal\u0117s steb\u0117ti, kaip \u0161audo kiti ir m\u0117gautis gra\u017eia gamta.<\/p>\n<ul class=\"good-features\">\n<li>10 \u0161\u016bvi\u0173 i\u0161 karabino \u201eAR-15\u201c 223 Rem kalibras;<\/li>\n<li>10 \u0161\u016bvi\u0173 i\u0161 pusiau automatinio \u0161autuvo Heckler&amp;Koch SL8, 223 Rem kalibras;<\/li>\n<li>10 \u0161\u016bvi\u0173 i\u0161 Bullpup sistemos automatinio \u0161autuvo Kel-Tec, 223 Rem kalibras;<\/li>\n<\/ul>\n<p class=\"important-e\"><strong><span class=\"important-inline\">Svarbu:\u00a0<\/span><\/strong>\u0160audoma pasirinktinai \u012f stovint\u012f (popierin\u012f ar metalin\u012f) arba skriejant\u012f taikin\u012f.\u00a0Paslauga neteikiama esant gausiems krituliams.\u00a0Rezervacij\u0105 galima at\u0161aukti likus ne ma\u017eiau\u00a03 dienoms\u00a0iki atvykimo.<\/p>\n<p>Dovanokite adrenalino kupinas akimirkas, rankose laikant tikr\u0105 ginkl\u0105!<\/p>\n<div class=\"heading\"><strong>ORO S\u0104LYGOS<\/strong><\/div>\n<p>Paslauga neteikiama esant gausiems krituliams.<\/p>\n<div class=\"heading\"><strong>APRANGA<\/strong><\/div>\n<p>Pasirinkus \u0161audyti \u012f metalin\u012f taikin\u012f, b\u016btina tur\u0117ti kepur\u0117l\u0119 su snapeliu ir pir\u0161tines.<\/p>\n<div class=\"heading\"><strong>B\u016aTINA I\u0160ANKSTIN\u0116 REGISTRACIJA<\/strong><\/div>\n<p>Paslaugos teik\u0117jo duomenys bus matomi \u012fsigijus dovan\u0173 \u010dek\u012f<\/p>\n<div class=\"heading\"><strong>GALIOJIMO TRUKM\u0116<\/strong><\/div>\n<p>6 m\u0117n.<\/p>\n","protected":false},"featured_media":5621,"template":"","meta":[],"product_brand":[],"product_cat":[83],"product_tag":[],"class_list":{"0":"post-5623","1":"product","2":"type-product","3":"status-publish","4":"has-post-thumbnail","6":"product_cat-pasiulymai","8":"first","9":"instock","10":"shipping-taxable","11":"purchasable","12":"product-type-simple"},"_links":{"self":[{"href":"https:\/\/saudyklajonava.lt\/index.php?rest_route=\/wp\/v2\/product\/5623","targetHints":{"allow":["GET"]}}],"collection":[{"href":"https:\/\/saudyklajonava.lt\/index.php?rest_route=\/wp\/v2\/product"}],"about":[{"href":"https:\/\/saudyklajonava.lt\/index.php?rest_route=\/wp\/v2\/types\/product"}],"wp:featuredmedia":[{"embeddable":true,"href":"https:\/\/saudyklajonava.lt\/index.php?rest_route=\/wp\/v2\/media\/5621"}],"wp:attachment":[{"href":"https:\/\/saudyklajonava.lt\/index.php?rest_route=%2Fwp%2Fv2%2Fmedia&parent=5623"}],"wp:term":[{"taxonomy":"product_brand","embeddable":true,"href":"https:\/\/saudyklajonava.lt\/index.php?rest_route=%2Fwp%2Fv2%2Fproduct_brand&post=5623"},{"taxonomy":"product_cat","embeddable":true,"href":"https:\/\/saudyklajonava.lt\/index.php?rest_route=%2Fwp%2Fv2%2Fproduct_cat&post=5623"},{"taxonomy":"product_tag","embeddable":true,"href":"https:\/\/saudyklajonava.lt\/index.php?rest_route=%2Fwp%2Fv2%2Fproduct_tag&post=5623"}],"curies":[{"name":"wp","href":"https:\/\/api.w.org\/{rel}","templated":true}]}}