{"id":4087,"date":"2021-07-27T10:22:51","date_gmt":"2021-07-27T10:22:51","guid":{"rendered":"http:\/\/saudyklajonava.lt\/?post_type=product&#038;p=4087"},"modified":"2023-07-27T14:48:53","modified_gmt":"2023-07-27T14:48:53","slug":"bassday-sugar-minnow-drift-twitcher-50s","status":"publish","type":"product","link":"https:\/\/saudyklajonava.lt\/?product=bassday-sugar-minnow-drift-twitcher-50s","title":{"rendered":"Dovan\u0173 kuponas\/ 50"},"content":{"rendered":"<p>Ne\u017einai K\u0105 Dovanoti? Padovanok adrenalino poj\u016bt\u012f. \u012esigyk\u00a0<em>dovan\u0173 kupon\u0105<\/em>\u00a0dabar ir padovanok pramog\u0105 kitam arba sau.<\/p>\n","protected":false},"excerpt":{"rendered":"<p>Ne\u017einai K\u0105 Dovanoti? Padovanok adrenalino poj\u016bt\u012f. \u012esigyk\u00a0dovan\u0173 kupon\u0105\u00a0dabar ir padovanok pramog\u0105 kitam arba sau.<\/p>\n","protected":false},"featured_media":5428,"template":"","meta":[],"product_brand":[],"product_cat":[123],"product_tag":[],"class_list":{"0":"post-4087","1":"product","2":"type-product","3":"status-publish","4":"has-post-thumbnail","6":"product_cat-dovanu-kuponai","8":"first","9":"instock","10":"shipping-taxable","11":"purchasable","12":"product-type-simple"},"_links":{"self":[{"href":"https:\/\/saudyklajonava.lt\/index.php?rest_route=\/wp\/v2\/product\/4087","targetHints":{"allow":["GET"]}}],"collection":[{"href":"https:\/\/saudyklajonava.lt\/index.php?rest_route=\/wp\/v2\/product"}],"about":[{"href":"https:\/\/saudyklajonava.lt\/index.php?rest_route=\/wp\/v2\/types\/product"}],"wp:featuredmedia":[{"embeddable":true,"href":"https:\/\/saudyklajonava.lt\/index.php?rest_route=\/wp\/v2\/media\/5428"}],"wp:attachment":[{"href":"https:\/\/saudyklajonava.lt\/index.php?rest_route=%2Fwp%2Fv2%2Fmedia&parent=4087"}],"wp:term":[{"taxonomy":"product_brand","embeddable":true,"href":"https:\/\/saudyklajonava.lt\/index.php?rest_route=%2Fwp%2Fv2%2Fproduct_brand&post=4087"},{"taxonomy":"product_cat","embeddable":true,"href":"https:\/\/saudyklajonava.lt\/index.php?rest_route=%2Fwp%2Fv2%2Fproduct_cat&post=4087"},{"taxonomy":"product_tag","embeddable":true,"href":"https:\/\/saudyklajonava.lt\/index.php?rest_route=%2Fwp%2Fv2%2Fproduct_tag&post=4087"}],"curies":[{"name":"wp","href":"https:\/\/api.w.org\/{rel}","templated":true}]}}