{"id":784,"date":"2017-12-05T08:32:10","date_gmt":"2017-12-05T08:32:10","guid":{"rendered":"http:\/\/saudyklajonava.lt\/?page_id=784"},"modified":"2025-06-27T08:32:49","modified_gmt":"2025-06-27T08:32:49","slug":"cart","status":"publish","type":"page","link":"https:\/\/saudyklajonava.lt\/?page_id=784","title":{"rendered":"Krep\u0161elis"},"content":{"rendered":"<div class=\"wpb-content-wrapper\"><p>[vc_row][vc_column icons_position=&#8221;left&#8221;]<div class=\"woocommerce\"><div class=\"woocommerce-notices-wrapper\"><\/div><div class=\"wc-empty-cart-message\">\n\t<div class=\"cart-empty woocommerce-info\" role=\"status\">\n\t\tKrep\u0161elis dar tu\u0161\u010dias.\t<\/div>\n<\/div>\t<p class=\"return-to-shop\">\n\t\t<a class=\"button wc-backward\" href=\"https:\/\/saudyklajonava.lt\/?page_id=87\">\n\t\t\tGr\u012f\u017eti \u012f parduotuv\u0119\t\t<\/a>\n\t<\/p>\n<\/div>[\/vc_column][\/vc_row][vc_row][vc_column icons_position=&#8221;right&#8221;][vc_column_text css=&#8221;&#8221;]<\/p>\n<p style=\"text-align: right;\"><strong>D\u0117mesio! Jeigu pateikus u\u017esakym\u0105 negavote el. lai\u0161ko, patikrinkite &#8221;\u0161lam\u0161to&#8221;\/&#8221;spam&#8221; aplank\u0105.<\/strong><\/p>\n<p>[\/vc_column_text][\/vc_column][\/vc_row]<\/p>\n<\/div>","protected":false},"excerpt":{"rendered":"<p>[vc_row][vc_column icons_position=&#8221;left&#8221;][\/vc_column][\/vc_row][vc_row][vc_column icons_position=&#8221;right&#8221;][vc_column_text css=&#8221;&#8221;] D\u0117mesio! Jeigu pateikus u\u017esakym\u0105 negavote el. lai\u0161ko, patikrinkite &#8221;\u0161lam\u0161to&#8221;\/&#8221;spam&#8221; aplank\u0105. [\/vc_column_text][\/vc_column][\/vc_row]<\/p>\n","protected":false},"author":1,"featured_media":0,"parent":0,"menu_order":0,"comment_status":"closed","ping_status":"closed","template":"","meta":{"footnotes":""},"class_list":["post-784","page","type-page","status-publish","hentry"],"_links":{"self":[{"href":"https:\/\/saudyklajonava.lt\/index.php?rest_route=\/wp\/v2\/pages\/784","targetHints":{"allow":["GET"]}}],"collection":[{"href":"https:\/\/saudyklajonava.lt\/index.php?rest_route=\/wp\/v2\/pages"}],"about":[{"href":"https:\/\/saudyklajonava.lt\/index.php?rest_route=\/wp\/v2\/types\/page"}],"author":[{"embeddable":true,"href":"https:\/\/saudyklajonava.lt\/index.php?rest_route=\/wp\/v2\/users\/1"}],"replies":[{"embeddable":true,"href":"https:\/\/saudyklajonava.lt\/index.php?rest_route=%2Fwp%2Fv2%2Fcomments&post=784"}],"version-history":[{"count":5,"href":"https:\/\/saudyklajonava.lt\/index.php?rest_route=\/wp\/v2\/pages\/784\/revisions"}],"predecessor-version":[{"id":6172,"href":"https:\/\/saudyklajonava.lt\/index.php?rest_route=\/wp\/v2\/pages\/784\/revisions\/6172"}],"wp:attachment":[{"href":"https:\/\/saudyklajonava.lt\/index.php?rest_route=%2Fwp%2Fv2%2Fmedia&parent=784"}],"curies":[{"name":"wp","href":"https:\/\/api.w.org\/{rel}","templated":true}]}}