{"id":66,"date":"2017-11-27T14:43:04","date_gmt":"2017-11-27T14:43:04","guid":{"rendered":"http:\/\/saudyklajonava.lt\/?page_id=66"},"modified":"2024-01-25T12:42:18","modified_gmt":"2024-01-25T12:42:18","slug":"our-classes","status":"publish","type":"page","link":"https:\/\/saudyklajonava.lt\/?page_id=66","title":{"rendered":"Paslaugos"},"content":{"rendered":"<div class=\"wpb-content-wrapper\"><p>[vc_row][vc_column width=&#8221;1\/3&#8243; icons_position=&#8221;left&#8221;][vc_empty_space hide_on_desktop=&#8221;&#8221; hide_on_notebook=&#8221;&#8221; hide_on_tablet=&#8221;&#8221; hide_on_mobile=&#8221;&#8221;][vc_custom_heading text=&#8221;PRAMOGINIS \u0160AUDYMAS&#8221; font_container=&#8221;tag:h5|text_align:center|color:%23000000&#8243;][vc_empty_space hide_on_desktop=&#8221;&#8221; hide_on_notebook=&#8221;&#8221; hide_on_tablet=&#8221;&#8221; hide_on_mobile=&#8221;&#8221;][vc_single_image image=&#8221;5463&#8243; img_size=&#8221;large&#8221; alignment=&#8221;right&#8221;][vc_empty_space hide_on_desktop=&#8221;&#8221; hide_on_notebook=&#8221;&#8221; hide_on_tablet=&#8221;&#8221; hide_on_mobile=&#8221;&#8221;][vc_column_text]<\/p>\n<ul>\n<li class=\"_04xlpA direction-ltr align-start para-style-body\">\u0160audymas i\u0161 pasirinkt\u0173 kovini\u0173 ginkl\u0173<\/li>\n<li class=\"_04xlpA direction-ltr align-start para-style-body\">\u0160\u016bvi\u0173 skai\u010dius neribojamas, galima \u0161audyti \u012f stacionar\u0173 arba judant\u012f taikin\u012f<\/li>\n<li><span class=\"JsGRdQ\">B\u016btina i\u0161ankstin\u0117 registracija: Tel. (8-686) 44909<\/span><\/li>\n<\/ul>\n<p>[\/vc_column_text][\/vc_column][vc_column width=&#8221;1\/3&#8243; icons_position=&#8221;left&#8221;][vc_empty_space height=&#8221;50px&#8221; hide_on_desktop=&#8221;&#8221; hide_on_notebook=&#8221;&#8221; hide_on_tablet=&#8221;&#8221; hide_on_mobile=&#8221;&#8221;][vc_custom_heading text=&#8221;BERNVAKARIAI\/MERGVAKARIAI&#8221; font_container=&#8221;tag:h5|text_align:center|color:%23000000&#8243;][vc_empty_space hide_on_desktop=&#8221;&#8221; hide_on_notebook=&#8221;&#8221; hide_on_tablet=&#8221;&#8221; hide_on_mobile=&#8221;&#8221;][vc_single_image image=&#8221;5547&#8243; img_size=&#8221;large&#8221; alignment=&#8221;right&#8221;][vc_empty_space hide_on_desktop=&#8221;&#8221; hide_on_notebook=&#8221;&#8221; hide_on_tablet=&#8221;&#8221; hide_on_mobile=&#8221;&#8221;][vc_column_text]<\/p>\n<ul>\n<li class=\"_04xlpA direction-ltr align-start para-style-body\">\u0160audymas i\u0161 pasirinkt\u0173 kovini\u0173 ginkl\u0173, \u0161\u016bvi\u0173 skai\u010dius neribojamas<\/li>\n<li class=\"_04xlpA direction-ltr align-start para-style-body\">Galima \u0161audyti \u012f stacionar\u0173 arba judant\u012f taikin\u012f, atskira u\u017eduotis jaunikiui arba jaunajai, \u012fteikiami sertifikatai<\/li>\n<li class=\"_04xlpA direction-ltr align-start para-style-body\"><span class=\"JsGRdQ\">B\u016btina i\u0161ankstin\u0117 registracija: Tel. (8-686) 44909<\/span><\/li>\n<\/ul>\n<p>[\/vc_column_text][\/vc_column][vc_column width=&#8221;1\/3&#8243; icons_position=&#8221;left&#8221;][vc_empty_space height=&#8221;50px&#8221; hide_on_desktop=&#8221;&#8221; hide_on_notebook=&#8221;&#8221; hide_on_tablet=&#8221;&#8221; hide_on_mobile=&#8221;&#8221;][vc_custom_heading text=&#8221;DARBO KOLEKTYV\u0172 \u0160VENT\u0116S&#8221; font_container=&#8221;tag:h5|text_align:center|color:%23000000&#8243;][vc_empty_space hide_on_desktop=&#8221;&#8221; hide_on_notebook=&#8221;&#8221; hide_on_tablet=&#8221;&#8221; hide_on_mobile=&#8221;&#8221;][vc_single_image image=&#8221;5474&#8243; img_size=&#8221;large&#8221; alignment=&#8221;right&#8221;][vc_empty_space hide_on_desktop=&#8221;&#8221; hide_on_notebook=&#8221;&#8221; hide_on_tablet=&#8221;&#8221; hide_on_mobile=&#8221;&#8221;][vc_column_text]<\/p>\n<ul>\n<li class=\"_04xlpA direction-ltr align-start para-style-body\">\u0160audymas i\u0161 pasirinkt\u0173 kovini\u0173 ginkl\u0173<\/li>\n<li class=\"_04xlpA direction-ltr align-start para-style-body\">\u0160\u016bvi\u0173 skai\u010dius neribojamas, galima \u0161audyti \u012f stacionar\u0173 arba judant\u012f taikin\u012f<\/li>\n<li class=\"_04xlpA direction-ltr align-start para-style-body\">Galimyb\u0117 pasivar\u017eyti tarpusavyje<\/li>\n<li class=\"_04xlpA direction-ltr align-start para-style-body\" style=\"text-align: left;\"><span class=\"JsGRdQ\">B\u016btina i\u0161ankstin\u0117 registracija: Tel. (8-686) 44909<\/span><\/li>\n<\/ul>\n<p>[\/vc_column_text][\/vc_column][\/vc_row][vc_row][vc_column width=&#8221;1\/3&#8243; icons_position=&#8221;left&#8221;][vc_empty_space hide_on_desktop=&#8221;&#8221; hide_on_notebook=&#8221;&#8221; hide_on_tablet=&#8221;&#8221; hide_on_mobile=&#8221;&#8221;][vc_custom_heading text=&#8221;PRAKTINIO \u0160AUDYMO TRENIRUOT\u0116S&#8221; font_container=&#8221;tag:h5|text_align:center|color:%23000000&#8243;][vc_empty_space hide_on_desktop=&#8221;&#8221; hide_on_notebook=&#8221;&#8221; hide_on_tablet=&#8221;&#8221; hide_on_mobile=&#8221;&#8221;][vc_single_image image=&#8221;5471&#8243; img_size=&#8221;large&#8221; alignment=&#8221;right&#8221;][vc_empty_space hide_on_desktop=&#8221;&#8221; hide_on_notebook=&#8221;&#8221; hide_on_tablet=&#8221;&#8221; hide_on_mobile=&#8221;&#8221;][vc_column_text]<\/p>\n<ul>\n<li class=\"_04xlpA direction-ltr align-start para-style-body\"><span class=\"JsGRdQ\">U\u017esi\u0117mimus veda patyr\u0119 \u0161audymo instruktoriai. U\u017esi\u0117mim\u0173 prad\u017eioje lankytojams privalomas saugaus elgesio su ginklu instrukta\u017eas<\/span><\/li>\n<li class=\"_04xlpA direction-ltr align-start para-style-body\"><span class=\"JsGRdQ\">Lankytojai apr\u016bpinami asmenin\u0117mis apsaugos priemon\u0117mis: ausin\u0117mis ir apsauginiais akiniais<\/span><\/li>\n<li class=\"_04xlpA direction-ltr align-start para-style-body\"><span class=\"JsGRdQ\">Nepilname\u010dius asmenis privalo lyd\u0117ti bent 1 suaug\u0119s asmuo<\/span><\/li>\n<li class=\"_04xlpA direction-ltr align-start para-style-body\" style=\"text-align: left;\"><span class=\"JsGRdQ\">B\u016btina i\u0161ankstin\u0117 registracija: Tel. (8-686) 44909<\/span><\/li>\n<\/ul>\n<p>[\/vc_column_text][\/vc_column][vc_column width=&#8221;1\/3&#8243; icons_position=&#8221;left&#8221;][vc_empty_space height=&#8221;50px&#8221; hide_on_desktop=&#8221;&#8221; hide_on_notebook=&#8221;&#8221; hide_on_tablet=&#8221;&#8221; hide_on_mobile=&#8221;&#8221;][vc_custom_heading text=&#8221;\u0160AUDYMO PAMOKOS&#8221; font_container=&#8221;tag:h5|text_align:center|color:%23000000&#8243;][vc_empty_space hide_on_desktop=&#8221;&#8221; hide_on_notebook=&#8221;&#8221; hide_on_tablet=&#8221;&#8221; hide_on_mobile=&#8221;&#8221;][vc_single_image image=&#8221;5442&#8243; img_size=&#8221;large&#8221; alignment=&#8221;right&#8221;][vc_empty_space hide_on_desktop=&#8221;&#8221; hide_on_notebook=&#8221;&#8221; hide_on_tablet=&#8221;&#8221; hide_on_mobile=&#8221;&#8221;][vc_column_text]<\/p>\n<ul>\n<li class=\"_04xlpA direction-ltr align-start para-style-body\"><span class=\"JsGRdQ\">U\u017esi\u0117mimus veda patyr\u0119 \u0161audymo instruktoriai. U\u017esi\u0117mim\u0173 prad\u017eioje lankytojams privalomas saugaus elgesio su ginklu instrukta\u017eas<\/span><\/li>\n<li class=\"_04xlpA direction-ltr align-start para-style-body\"><span class=\"JsGRdQ\">Lankytojai apr\u016bpinami asmenin\u0117mis apsaugos priemon\u0117mis: ausin\u0117mis ir apsauginiais akiniais<\/span><\/li>\n<li class=\"_04xlpA direction-ltr align-start para-style-body\"><span class=\"JsGRdQ\">Nepilname\u010dius asmenis privalo lyd\u0117ti bent 1 suaug\u0119s asmuo<\/span><\/li>\n<li class=\"_04xlpA direction-ltr align-start para-style-body\" style=\"text-align: left;\"><span class=\"JsGRdQ\">B\u016btina i\u0161ankstin\u0117 registracija: Tel. (8-686) 44909<\/span><\/li>\n<\/ul>\n<p>[\/vc_column_text][\/vc_column][vc_column width=&#8221;1\/3&#8243; icons_position=&#8221;left&#8221;][vc_empty_space height=&#8221;50px&#8221; hide_on_desktop=&#8221;&#8221; hide_on_notebook=&#8221;&#8221; hide_on_tablet=&#8221;&#8221; hide_on_mobile=&#8221;&#8221;][vc_custom_heading text=&#8221;EDUKACIJA APIE GINKLUS&#8221; font_container=&#8221;tag:h5|text_align:center|color:%23000000&#8243;][vc_empty_space hide_on_desktop=&#8221;&#8221; hide_on_notebook=&#8221;&#8221; hide_on_tablet=&#8221;&#8221; hide_on_mobile=&#8221;&#8221;][vc_single_image image=&#8221;5456&#8243; img_size=&#8221;large&#8221; alignment=&#8221;right&#8221;][vc_empty_space hide_on_desktop=&#8221;&#8221; hide_on_notebook=&#8221;&#8221; hide_on_tablet=&#8221;&#8221; hide_on_mobile=&#8221;&#8221;][vc_column_text]<\/p>\n<ul>\n<li class=\"_04xlpA direction-ltr align-start para-style-body\"><span class=\"JsGRdQ\">U\u017esi\u0117mimus veda patyr\u0119 \u0161audymo instruktoriai. U\u017esi\u0117mim\u0173 prad\u017eioje lankytojams privalomas saugaus elgesio su ginklu instrukta\u017eas<\/span><\/li>\n<li class=\"_04xlpA direction-ltr align-start para-style-body\"><span class=\"JsGRdQ\">Lankytojai apr\u016bpinami asmenin\u0117mis apsaugos priemon\u0117mis: ausin\u0117mis ir apsauginiais akiniais<\/span><\/li>\n<li class=\"_04xlpA direction-ltr align-start para-style-body\"><span class=\"JsGRdQ\">Nepilname\u010dius asmenis privalo lyd\u0117ti bent 1 suaug\u0119s asmuo<\/span><\/li>\n<li class=\"_04xlpA direction-ltr align-start para-style-body\" style=\"text-align: left;\"><span class=\"JsGRdQ\">B\u016btina i\u0161ankstin\u0117 registracija: Tel. (8-686) 44909<\/span><\/li>\n<\/ul>\n<p>[\/vc_column_text][\/vc_column][\/vc_row][vc_row][vc_column width=&#8221;1\/3&#8243; icons_position=&#8221;left&#8221;][vc_empty_space][vc_custom_heading text=&#8221;OPTIKOS (GINKLO) PRI\u0160AUDYMAS&#8221; font_container=&#8221;tag:h5|text_align:center|color:%23000000&#8243;][vc_empty_space hide_on_desktop=&#8221;&#8221; hide_on_notebook=&#8221;&#8221; hide_on_tablet=&#8221;&#8221; hide_on_mobile=&#8221;&#8221;][vc_single_image image=&#8221;5621&#8243; img_size=&#8221;large&#8221; alignment=&#8221;right&#8221;][vc_empty_space hide_on_desktop=&#8221;&#8221; hide_on_notebook=&#8221;&#8221; hide_on_tablet=&#8221;&#8221; hide_on_mobile=&#8221;&#8221;][vc_column_text]<\/p>\n<ul>\n<li>Pri\u0161audome, suderiname optikas, kolimatorius<\/li>\n<li class=\"_04xlpA direction-ltr align-start para-style-body\"><span class=\"JsGRdQ\">B\u016btina i\u0161ankstin\u0117 registracija: Tel. (8-686) 44909<\/span><\/li>\n<\/ul>\n<p>[\/vc_column_text][\/vc_column][vc_column width=&#8221;1\/3&#8243; icons_position=&#8221;left&#8221;][\/vc_column][vc_column width=&#8221;1\/3&#8243; icons_position=&#8221;left&#8221;][\/vc_column][\/vc_row]<\/p>\n<\/div>","protected":false},"excerpt":{"rendered":"<p>[vc_row][vc_column width=&#8221;1\/3&#8243; icons_position=&#8221;left&#8221;][vc_empty_space hide_on_desktop=&#8221;&#8221; hide_on_notebook=&#8221;&#8221; hide_on_tablet=&#8221;&#8221; hide_on_mobile=&#8221;&#8221;][vc_custom_heading text=&#8221;PRAMOGINIS \u0160AUDYMAS&#8221; font_container=&#8221;tag:h5|text_align:center|color:%23000000&#8243;][vc_empty_space hide_on_desktop=&#8221;&#8221; hide_on_notebook=&#8221;&#8221; hide_on_tablet=&#8221;&#8221; hide_on_mobile=&#8221;&#8221;][vc_single_image image=&#8221;5463&#8243; img_size=&#8221;large&#8221; alignment=&#8221;right&#8221;][vc_empty_space hide_on_desktop=&#8221;&#8221; hide_on_notebook=&#8221;&#8221; hide_on_tablet=&#8221;&#8221; hide_on_mobile=&#8221;&#8221;][vc_column_text] \u0160audymas i\u0161 pasirinkt\u0173 kovini\u0173 ginkl\u0173 \u0160\u016bvi\u0173 skai\u010dius neribojamas, galima \u0161audyti \u012f stacionar\u0173 arba judant\u012f taikin\u012f B\u016btina i\u0161ankstin\u0117 registracija: Tel. (8-686) 44909 [\/vc_column_text][\/vc_column][vc_column width=&#8221;1\/3&#8243; icons_position=&#8221;left&#8221;][vc_empty_space height=&#8221;50px&#8221; hide_on_desktop=&#8221;&#8221; hide_on_notebook=&#8221;&#8221; hide_on_tablet=&#8221;&#8221; hide_on_mobile=&#8221;&#8221;][vc_custom_heading text=&#8221;BERNVAKARIAI\/MERGVAKARIAI&#8221; font_container=&#8221;tag:h5|text_align:center|color:%23000000&#8243;][vc_empty_space hide_on_desktop=&#8221;&#8221; hide_on_notebook=&#8221;&#8221; hide_on_tablet=&#8221;&#8221; hide_on_mobile=&#8221;&#8221;][vc_single_image image=&#8221;5547&#8243; img_size=&#8221;large&#8221; alignment=&#8221;right&#8221;][vc_empty_space hide_on_desktop=&#8221;&#8221;&hellip;<\/p>\n","protected":false},"author":1,"featured_media":0,"parent":0,"menu_order":0,"comment_status":"closed","ping_status":"closed","template":"","meta":{"footnotes":""},"class_list":["post-66","page","type-page","status-publish","hentry"],"_links":{"self":[{"href":"https:\/\/saudyklajonava.lt\/index.php?rest_route=\/wp\/v2\/pages\/66","targetHints":{"allow":["GET"]}}],"collection":[{"href":"https:\/\/saudyklajonava.lt\/index.php?rest_route=\/wp\/v2\/pages"}],"about":[{"href":"https:\/\/saudyklajonava.lt\/index.php?rest_route=\/wp\/v2\/types\/page"}],"author":[{"embeddable":true,"href":"https:\/\/saudyklajonava.lt\/index.php?rest_route=\/wp\/v2\/users\/1"}],"replies":[{"embeddable":true,"href":"https:\/\/saudyklajonava.lt\/index.php?rest_route=%2Fwp%2Fv2%2Fcomments&post=66"}],"version-history":[{"count":40,"href":"https:\/\/saudyklajonava.lt\/index.php?rest_route=\/wp\/v2\/pages\/66\/revisions"}],"predecessor-version":[{"id":6064,"href":"https:\/\/saudyklajonava.lt\/index.php?rest_route=\/wp\/v2\/pages\/66\/revisions\/6064"}],"wp:attachment":[{"href":"https:\/\/saudyklajonava.lt\/index.php?rest_route=%2Fwp%2Fv2%2Fmedia&parent=66"}],"curies":[{"name":"wp","href":"https:\/\/api.w.org\/{rel}","templated":true}]}}