{"id":64,"date":"2017-11-27T14:42:49","date_gmt":"2017-11-27T14:42:49","guid":{"rendered":"http:\/\/saudyklajonava.lt\/?page_id=64"},"modified":"2023-08-21T06:10:43","modified_gmt":"2023-08-21T06:10:43","slug":"range","status":"publish","type":"page","link":"https:\/\/saudyklajonava.lt\/?page_id=64","title":{"rendered":"Apie mus"},"content":{"rendered":"<div class=\"wpb-content-wrapper\"><p>[vc_row content_placement=&#8221;middle&#8221;][vc_column width=&#8221;1\/2&#8243; icons_position=&#8221;left&#8221;]<div id=\"widget_slider_167276158\" class=\"widget_area sc_widget_slider vc_widget_slider wpb_content_element\"><aside id=\"widget_slider_167276158_widget\" class=\"widget widget_slider\">\t\t\t<div class=\"slider_wrap slider_engine_swiper\">\r\n\t\t\t\t<div id=\"widget_slider_167276158_outer\" class=\"slider_outer slider_swiper_outer slider_style_default slider_outer_direction_horizontal slider_outer_one slider_outer_nopagination slider_outer_controls slider_outer_controls_side slider_outer_titles_center\"><div id=\"widget_slider_167276158_swiper\" class=\"slider_container slider_swiper swiper-slider-container slider_controls slider_controls_side slider_titles_center slider_noresize slider_height_fixed slider_direction_horizontal slider_nopagination slider_one slider_type_bg\" data-ratio=\"16:9\" data-interval=\"7000\" data-effect=\"slide\" data-pagination=\"bullets\" data-direction=\"horizontal\" data-slides-per-view=\"1\" data-slides-space=\"0\" data-slides-min-width=\"150\" style=\"height:450px;\"><div class=\"slider-wrapper swiper-wrapper\"><div  class=\"slider-slide swiper-slide\" data-image=\"https:\/\/saudyklajonava.lt\/wp-content\/uploads\/2023\/07\/P1335589-scaled.jpg\" style=\"background-image:url(https:\/\/saudyklajonava.lt\/wp-content\/uploads\/2023\/07\/P1335589-scaled.jpg);\"><\/div><div  class=\"slider-slide swiper-slide\" data-image=\"https:\/\/saudyklajonava.lt\/wp-content\/uploads\/2023\/07\/298788401_1729711664073099_9065646733076247006_n-scaled.jpg\" style=\"background-image:url(https:\/\/saudyklajonava.lt\/wp-content\/uploads\/2023\/07\/298788401_1729711664073099_9065646733076247006_n-scaled.jpg);\"><\/div><div  class=\"slider-slide swiper-slide\" data-image=\"https:\/\/saudyklajonava.lt\/wp-content\/uploads\/2023\/07\/P1335575-scaled.jpg\" style=\"background-image:url(https:\/\/saudyklajonava.lt\/wp-content\/uploads\/2023\/07\/P1335575-scaled.jpg);\"><\/div><div  class=\"slider-slide swiper-slide\" data-image=\"https:\/\/saudyklajonava.lt\/wp-content\/uploads\/2023\/07\/saudymas-is-3-koviniu-ginklu-saudykloje-gyneju-kalve-2.jpg\" style=\"background-image:url(https:\/\/saudyklajonava.lt\/wp-content\/uploads\/2023\/07\/saudymas-is-3-koviniu-ginklu-saudykloje-gyneju-kalve-2.jpg);\"><\/div><div  class=\"slider-slide swiper-slide\" data-image=\"https:\/\/saudyklajonava.lt\/wp-content\/uploads\/2023\/07\/nuotr.jpeg\" style=\"background-image:url(https:\/\/saudyklajonava.lt\/wp-content\/uploads\/2023\/07\/nuotr.jpeg);\"><\/div><div  class=\"slider-slide swiper-slide\" data-image=\"https:\/\/saudyklajonava.lt\/wp-content\/uploads\/2023\/07\/IMG-4264.jpg\" style=\"background-image:url(https:\/\/saudyklajonava.lt\/wp-content\/uploads\/2023\/07\/IMG-4264.jpg);\"><\/div><div  class=\"slider-slide swiper-slide\" data-image=\"https:\/\/saudyklajonava.lt\/wp-content\/uploads\/2023\/07\/15018752474392-e1690375101169.webp\" style=\"background-image:url(https:\/\/saudyklajonava.lt\/wp-content\/uploads\/2023\/07\/15018752474392-e1690375101169.webp);\"><\/div><div  class=\"slider-slide swiper-slide\" data-image=\"https:\/\/saudyklajonava.lt\/wp-content\/uploads\/2023\/07\/20211029_081032-1-scaled.jpg\" style=\"background-image:url(https:\/\/saudyklajonava.lt\/wp-content\/uploads\/2023\/07\/20211029_081032-1-scaled.jpg);\"><\/div><\/div><!-- \/.slider-wrapper --><div class=\"slider_controls_wrap\"><a class=\"slider_prev swiper-button-prev\" href=\"#\"><\/a><a class=\"slider_next swiper-button-next\" href=\"#\"><\/a><\/div><\/div><!-- \/.slider_container --><\/div><!-- \/.slider_outer -->\t\t\t<\/div>\r\n\t\t\t<\/aside><\/div>[vc_empty_space alter_height=&#8221;medium&#8221; hide_on_desktop=&#8221;1&#8243; hide_on_notebook=&#8221;1&#8243; hide_on_tablet=&#8221;1&#8243; hide_on_mobile=&#8221;&#8221;][\/vc_column][vc_column width=&#8221;1\/2&#8243; icons_position=&#8221;left&#8221;]<div id=\"sc_title_289797410\"\r\n\t\tclass=\"sc_title color_style_default sc_title_iconed\"><h1 class=\"sc_item_title sc_title_title sc_align_left sc_item_title_style_iconed sc_item_title_tag\">Apie \u0161audykl\u0105 ``Gyn\u0117j\u0173 kalv\u0117``<\/h1><div class=\"sc_item_descr sc_title_descr sc_align_left\"><p>\u0160audykla \"Gyn\u0117j\u0173 kalv\u0117\" - lauko \u0161audykla Jonavos rajone. \u0160audykloje galima \u0161audyti tiek lygiavamzd\u017eiais, grai\u017etviniais \u0161autuvais, tiek ir pistoletais \u012f stacionarius taikinius i\u0161 \u012fvairi\u0173 atstum\u0173, taip pat - \u012f skriejan\u010dius taikinius ( molin\u0117s l\u0117k\u0161teles), \"b\u0117gant\u012f \u0161ern\u0105\" bei \"b\u0117gant\u012f zuik\u012f\u201d (\u017eem\u0117s pavir\u0161iumi ir oru riedanti\/skriejanti molin\u0117 l\u0117k\u0161tel\u0117). \u0160audykla skirta visiems: m\u0117g\u0117jams, profesionalams ir norintiems pabandyti bei i\u0161mokti \u0161audyti. <\/p>\n<p>\u201eATVYK IR I\u0160BANDYK\u201c. Nesi laik\u0119s ginklo rankoje, o norisi pabandyti? Esate laukiami \u0161audykloje, kur patyr\u0119s instruktorius supa\u017eindins su ginklo laikymo ir \u0161audymo ab\u0117c\u0117le, gal\u0117site i\u0161bandyti \u012fvairius ginklus, savo rankos tvirtum\u0105 ir akies taiklum\u0105.<\/p>\n<p>\u201eNUOLAT TOBUL\u0116K\u201c. Turi savo ginkl\u0105? Pirmyn, lavink \u012fg\u016bd\u017eius, geb\u0117jim\u0105 susitelkti \u012f u\u017eduot\u012f nepaisant aplinkos veiksni\u0173, oro s\u0105lyg\u0173, i\u0161pl\u0117sk savo galimybes.<\/p>\n<\/div><\/div><!-- \/.sc_title -->[\/vc_column][\/vc_row][vc_row full_width=&#8221;stretch_row&#8221; scheme=&#8221;dark&#8221; extra_bg_mask=&#8221;7&#8243; hide_bg_image_on_tablet=&#8221;&#8221; hide_bg_image_on_mobile=&#8221;&#8221; css=&#8221;.vc_custom_1519035641354{background: #1f1f1d url(https:\/\/saudyklajonava.lt\/wp-content\/uploads\/2017\/11\/bg-2-copyright.jpg?id=408) !important;background-position: center !important;background-repeat: no-repeat !important;background-size: cover !important;}&#8221;][vc_column scheme=&#8221;dark&#8221; icons_position=&#8221;left&#8221;][vc_empty_space height=&#8221;20px&#8221; alter_height=&#8221;small&#8221; hide_on_desktop=&#8221;&#8221; hide_on_notebook=&#8221;&#8221; hide_on_tablet=&#8221;&#8221; hide_on_mobile=&#8221;&#8221;][vc_row_inner][vc_column_inner width=&#8221;1\/2&#8243; icons_position=&#8221;left&#8221; offset=&#8221;vc_col-sm-offset-3&#8243;]<div id=\"sc_title_245690465\"\r\n\t\tclass=\"sc_title color_style_default sc_title_iconed\"><h1 class=\"sc_item_title sc_title_title sc_align_center sc_item_title_style_iconed sc_item_title_tag\">PASI\u016aLYMAI<\/h1><\/div><!-- \/.sc_title --><div id=\"sc_title_704379439\"\r\n\t\tclass=\"sc_title color_style_default sc_title_default\"><h6 class=\"sc_item_title sc_title_title sc_align_center sc_item_title_style_default sc_item_title_tag\">Dovanokite adrenalino kupinas akimirkas, rankose laikant tikr\u0105 ginkl\u0105!<\/h6><\/div><!-- \/.sc_title -->[\/vc_column_inner][\/vc_row_inner][vc_empty_space height=&#8221;20px&#8221; alter_height=&#8221;small&#8221; hide_on_desktop=&#8221;&#8221; hide_on_notebook=&#8221;&#8221; hide_on_tablet=&#8221;&#8221; hide_on_mobile=&#8221;&#8221;]<div  id=\"sc_price_372960261\" \r\n\tclass=\"sc_price color_style_default sc_price_style-2\"><div class=\"sc_price_columns_wrap sc_item_columns trx_addons_columns_wrap columns_padding_bottom\"><div class=\"trx_addons_column-1_3\"><div class=\"sc_price_item sc_price_item_style-2\">\r\n\t\t\t<div class=\"sc_price_item_image\"><img fetchpriority=\"high\" decoding=\"async\" src=\"https:\/\/saudyklajonava.lt\/wp-content\/uploads\/2023\/07\/saudymas-is-3-koviniu-ginklu-saudykloje-gyneju-kalve-370x208.jpg\" alt=\"\u0160AUDYMAS I\u0160 3 KOVINI\u0172 GINKL\u0172\" width=\"370\" height=\"208\"><\/div><div class=\"sc_price_item_info\"><h3 class=\"sc_price_item_title\"><span>\u0160AUDYMAS I\u0160 3 KOVINI\u0172 GINKL\u0172<\/span><\/h3><div class=\"sc_price_item_price\"><span class=\"sc_price_item_price_before\">Eur<\/span><span class=\"sc_price_item_price_value\">60<\/span><\/div><\/div><!-- \/.sc_price_item_info --><\/div><\/div><div class=\"trx_addons_column-1_3\"><div class=\"sc_price_item sc_price_item_style-2\">\r\n\t\t\t<div class=\"sc_price_item_image\"><img decoding=\"async\" src=\"https:\/\/saudyklajonava.lt\/wp-content\/uploads\/2023\/07\/saudymas-is-3-koviniu-ginklu-saudykloje-gyneju-kalve-370x208.jpg\" alt=\"\u0160AUDYMAS I\u0160 4 KOVINI\u0172 GINKL\u0172\" width=\"370\" height=\"208\"><\/div><div class=\"sc_price_item_info\"><h3 class=\"sc_price_item_title\"><span>\u0160AUDYMAS I\u0160 4 KOVINI\u0172 GINKL\u0172<\/span><\/h3><div class=\"sc_price_item_price\"><span class=\"sc_price_item_price_before\">Eur<\/span><span class=\"sc_price_item_price_value\">80<\/span><\/div><\/div><!-- \/.sc_price_item_info --><\/div><\/div><div class=\"trx_addons_column-1_3\"><div class=\"sc_price_item sc_price_item_style-2\">\r\n\t\t\t<div class=\"sc_price_item_image\"><img decoding=\"async\" src=\"https:\/\/saudyklajonava.lt\/wp-content\/uploads\/2023\/07\/saudymas-is-3-koviniu-ginklu-saudykloje-gyneju-kalve-370x208.jpg\" alt=\"\u0160AUDYMAS I\u0160 5 KOVINI\u0172 GINKL\u0172\" width=\"370\" height=\"208\"><\/div><div class=\"sc_price_item_info\"><h3 class=\"sc_price_item_title\"><span>\u0160AUDYMAS I\u0160 5 KOVINI\u0172 GINKL\u0172<\/span><\/h3><div class=\"sc_price_item_price\"><span class=\"sc_price_item_price_before\">Eur<\/span><span class=\"sc_price_item_price_value\">100<\/span><\/div><\/div><!-- \/.sc_price_item_info --><\/div><\/div><\/div><\/div><!-- \/.sc_price -->[vc_empty_space height=&#8221;20px&#8221; alter_height=&#8221;large&#8221; hide_on_desktop=&#8221;&#8221; hide_on_notebook=&#8221;&#8221; hide_on_tablet=&#8221;&#8221; hide_on_mobile=&#8221;&#8221; css=&#8221;.vc_custom_1691586984437{margin-top: 0.85rem !important;}&#8221;][\/vc_column][\/vc_row][vc_row][vc_column icons_position=&#8221;left&#8221;][vc_empty_space height=&#8221;10px&#8221; alter_height=&#8221;large&#8221; hide_on_desktop=&#8221;&#8221; hide_on_notebook=&#8221;&#8221; hide_on_tablet=&#8221;&#8221; hide_on_mobile=&#8221;&#8221; css=&#8221;.vc_custom_1691586893622{margin-top: 0.5rem !important;}&#8221;][\/vc_column][\/vc_row][vc_row][vc_column icons_position=&#8221;left&#8221;]<div  id=\"sc_testimonials_224978209\"\t\tclass=\"sc_testimonials color_style_default sc_testimonials_default\"><div class=\"sc_testimonials_columns_wrap sc_item_columns trx_addons_columns_wrap columns_padding_bottom\"><div class=\"trx_addons_column-1_3\"><div class=\"sc_testimonials_item\">\r\n\t<div class=\"sc_testimonials_item_content\"><p>\u201cEsame labai patenkinti paslaugomis. Ginklus i\u0161band\u0117 net ir tie, kurie prie\u0161 tai sak\u0117 &#8222;bijau, nenoriu&#8221;. Ir jiems patiko:). B\u016btinai sugr\u012f\u0161ime.\u201d<\/p>\n<\/div>\r\n\t<div class=\"sc_testimonials_item_author\">\r\n\t\t\t\t\t<div class=\"sc_testimonials_item_author_avatar\"><img loading=\"lazy\" decoding=\"async\" width=\"70\" height=\"70\" src=\"https:\/\/saudyklajonava.lt\/wp-content\/uploads\/2017\/12\/smil-70x70.png\" class=\"attachment-honor-thumb-tiny size-honor-thumb-tiny wp-post-image\" alt=\"Egl\u0117\" srcset=\"https:\/\/saudyklajonava.lt\/wp-content\/uploads\/2017\/12\/smil-70x70.png 70w, https:\/\/saudyklajonava.lt\/wp-content\/uploads\/2017\/12\/smil-150x150.png 150w, https:\/\/saudyklajonava.lt\/wp-content\/uploads\/2017\/12\/smil-170x170.png 170w, https:\/\/saudyklajonava.lt\/wp-content\/uploads\/2017\/12\/smil-100x100.png 100w, https:\/\/saudyklajonava.lt\/wp-content\/uploads\/2017\/12\/smil.png 178w\" sizes=\"(max-width: 70px) 100vw, 70px\" \/><\/div>\r\n\t\t\t\t<div class=\"sc_testimonials_item_author_data\">\r\n\t\t\t<h4 class=\"sc_testimonials_item_author_title\">Egl\u0117<\/h4>\r\n\t\t\t<div class=\"sc_testimonials_item_author_subtitle\"><\/div>\r\n\t\t<\/div>\r\n\t<\/div>\r\n<\/div>\r\n<\/div><div class=\"trx_addons_column-1_3\"><div class=\"sc_testimonials_item\">\r\n\t<div class=\"sc_testimonials_item_content\">\n<p>\u201cLankiausi ten. Liuks. Ypa\u010d instruktorius kompetetingas.\u201d<\/p>\n<\/div>\r\n\t<div class=\"sc_testimonials_item_author\">\r\n\t\t\t\t\t<div class=\"sc_testimonials_item_author_avatar\"><img loading=\"lazy\" decoding=\"async\" width=\"70\" height=\"70\" src=\"https:\/\/saudyklajonava.lt\/wp-content\/uploads\/2017\/12\/smil-70x70.png\" class=\"attachment-honor-thumb-tiny size-honor-thumb-tiny wp-post-image\" alt=\"Romas\" srcset=\"https:\/\/saudyklajonava.lt\/wp-content\/uploads\/2017\/12\/smil-70x70.png 70w, https:\/\/saudyklajonava.lt\/wp-content\/uploads\/2017\/12\/smil-150x150.png 150w, https:\/\/saudyklajonava.lt\/wp-content\/uploads\/2017\/12\/smil-170x170.png 170w, https:\/\/saudyklajonava.lt\/wp-content\/uploads\/2017\/12\/smil-100x100.png 100w, https:\/\/saudyklajonava.lt\/wp-content\/uploads\/2017\/12\/smil.png 178w\" sizes=\"(max-width: 70px) 100vw, 70px\" \/><\/div>\r\n\t\t\t\t<div class=\"sc_testimonials_item_author_data\">\r\n\t\t\t<h4 class=\"sc_testimonials_item_author_title\">Romas<\/h4>\r\n\t\t\t<div class=\"sc_testimonials_item_author_subtitle\"><\/div>\r\n\t\t<\/div>\r\n\t<\/div>\r\n<\/div>\r\n<\/div><div class=\"trx_addons_column-1_3\"><div class=\"sc_testimonials_item\">\r\n\t<div class=\"sc_testimonials_item_content\">\n<p>&#8221;Super emocijos. Tikrai rekomenduoju. Instruktorius 10 bal\u0173. B\u016btinai sugr\u012f\u0161ime.&#8221;<\/p>\n<\/div>\r\n\t<div class=\"sc_testimonials_item_author\">\r\n\t\t\t\t<div class=\"sc_testimonials_item_author_data\">\r\n\t\t\t<h4 class=\"sc_testimonials_item_author_title\">Marius<\/h4>\r\n\t\t\t<div class=\"sc_testimonials_item_author_subtitle\"><\/div>\r\n\t\t<\/div>\r\n\t<\/div>\r\n<\/div>\r\n<\/div><\/div><\/div><!-- \/.sc_testimonials -->[\/vc_column][\/vc_row]<\/p>\n<\/div>","protected":false},"excerpt":{"rendered":"<p>[vc_row content_placement=&#8221;middle&#8221;][vc_column width=&#8221;1\/2&#8243; icons_position=&#8221;left&#8221;][vc_empty_space alter_height=&#8221;medium&#8221; hide_on_desktop=&#8221;1&#8243; hide_on_notebook=&#8221;1&#8243; hide_on_tablet=&#8221;1&#8243; hide_on_mobile=&#8221;&#8221;][\/vc_column][vc_column width=&#8221;1\/2&#8243; icons_position=&#8221;left&#8221;][\/vc_column][\/vc_row][vc_row full_width=&#8221;stretch_row&#8221; scheme=&#8221;dark&#8221; extra_bg_mask=&#8221;7&#8243; hide_bg_image_on_tablet=&#8221;&#8221; hide_bg_image_on_mobile=&#8221;&#8221; css=&#8221;.vc_custom_1519035641354{background: #1f1f1d url(https:\/\/saudyklajonava.lt\/wp-content\/uploads\/2017\/11\/bg-2-copyright.jpg?id=408) !important;background-position: center !important;background-repeat: no-repeat !important;background-size: cover !important;}&#8221;][vc_column scheme=&#8221;dark&#8221; icons_position=&#8221;left&#8221;][vc_empty_space height=&#8221;20px&#8221; alter_height=&#8221;small&#8221; hide_on_desktop=&#8221;&#8221; hide_on_notebook=&#8221;&#8221; hide_on_tablet=&#8221;&#8221; hide_on_mobile=&#8221;&#8221;][vc_row_inner][vc_column_inner width=&#8221;1\/2&#8243; icons_position=&#8221;left&#8221; offset=&#8221;vc_col-sm-offset-3&#8243;][\/vc_column_inner][\/vc_row_inner][vc_empty_space height=&#8221;20px&#8221; alter_height=&#8221;small&#8221; hide_on_desktop=&#8221;&#8221; hide_on_notebook=&#8221;&#8221; hide_on_tablet=&#8221;&#8221; hide_on_mobile=&#8221;&#8221;][vc_empty_space height=&#8221;20px&#8221; alter_height=&#8221;large&#8221; hide_on_desktop=&#8221;&#8221; hide_on_notebook=&#8221;&#8221; hide_on_tablet=&#8221;&#8221; hide_on_mobile=&#8221;&#8221; css=&#8221;.vc_custom_1691586984437{margin-top: 0.85rem !important;}&#8221;][\/vc_column][\/vc_row][vc_row][vc_column icons_position=&#8221;left&#8221;][vc_empty_space height=&#8221;10px&#8221; alter_height=&#8221;large&#8221; hide_on_desktop=&#8221;&#8221; hide_on_notebook=&#8221;&#8221; hide_on_tablet=&#8221;&#8221; hide_on_mobile=&#8221;&#8221; css=&#8221;.vc_custom_1691586893622{margin-top:&hellip;<\/p>\n","protected":false},"author":1,"featured_media":0,"parent":0,"menu_order":0,"comment_status":"closed","ping_status":"closed","template":"","meta":{"footnotes":""},"class_list":["post-64","page","type-page","status-publish","hentry"],"_links":{"self":[{"href":"https:\/\/saudyklajonava.lt\/index.php?rest_route=\/wp\/v2\/pages\/64","targetHints":{"allow":["GET"]}}],"collection":[{"href":"https:\/\/saudyklajonava.lt\/index.php?rest_route=\/wp\/v2\/pages"}],"about":[{"href":"https:\/\/saudyklajonava.lt\/index.php?rest_route=\/wp\/v2\/types\/page"}],"author":[{"embeddable":true,"href":"https:\/\/saudyklajonava.lt\/index.php?rest_route=\/wp\/v2\/users\/1"}],"replies":[{"embeddable":true,"href":"https:\/\/saudyklajonava.lt\/index.php?rest_route=%2Fwp%2Fv2%2Fcomments&post=64"}],"version-history":[{"count":29,"href":"https:\/\/saudyklajonava.lt\/index.php?rest_route=\/wp\/v2\/pages\/64\/revisions"}],"predecessor-version":[{"id":6040,"href":"https:\/\/saudyklajonava.lt\/index.php?rest_route=\/wp\/v2\/pages\/64\/revisions\/6040"}],"wp:attachment":[{"href":"https:\/\/saudyklajonava.lt\/index.php?rest_route=%2Fwp%2Fv2%2Fmedia&parent=64"}],"curies":[{"name":"wp","href":"https:\/\/api.w.org\/{rel}","templated":true}]}}