{"id":5863,"date":"2023-08-10T12:00:03","date_gmt":"2023-08-10T12:00:03","guid":{"rendered":"http:\/\/saudyklajonava.lt\/?page_id=5863"},"modified":"2023-08-17T14:14:07","modified_gmt":"2023-08-17T14:14:07","slug":"d-u-k","status":"publish","type":"page","link":"https:\/\/saudyklajonava.lt\/?page_id=5863","title":{"rendered":"D.U.K"},"content":{"rendered":"\t\t<div data-elementor-type=\"wp-page\" data-elementor-id=\"5863\" class=\"elementor elementor-5863\">\n\t\t\t\t\t\t<section class=\"elementor-section elementor-top-section elementor-element elementor-element-1295351 elementor-section-boxed elementor-section-height-default elementor-section-height-default\" data-id=\"1295351\" data-element_type=\"section\" data-e-type=\"section\">\n\t\t\t\t\t\t<div class=\"elementor-container elementor-column-gap-default\">\n\t\t\t\t\t<div class=\"elementor-column elementor-col-100 elementor-top-column elementor-element elementor-element-1fd4735 sc_layouts_column_icons_position_left\" data-id=\"1fd4735\" data-element_type=\"column\" data-e-type=\"column\">\n\t\t\t<div class=\"elementor-widget-wrap elementor-element-populated\">\n\t\t\t\t\t\t<div class=\"elementor-element elementor-element-92988c8 elementor-widget elementor-widget-toggle\" data-id=\"92988c8\" data-element_type=\"widget\" data-e-type=\"widget\" data-widget_type=\"toggle.default\">\n\t\t\t\t<div class=\"elementor-widget-container\">\n\t\t\t\t\t\t\t<div class=\"elementor-toggle\">\n\t\t\t\t\t\t\t<div class=\"elementor-toggle-item\">\n\t\t\t\t\t<div id=\"elementor-tab-title-1531\" class=\"elementor-tab-title\" data-tab=\"1\" role=\"button\" aria-controls=\"elementor-tab-content-1531\" aria-expanded=\"false\">\n\t\t\t\t\t\t\t\t\t\t\t\t<span class=\"elementor-toggle-icon elementor-toggle-icon-left\" aria-hidden=\"true\">\n\t\t\t\t\t\t\t\t\t\t\t\t\t\t\t<span class=\"elementor-toggle-icon-closed\"><i class=\"fas fa-caret-right\"><\/i><\/span>\n\t\t\t\t\t\t\t\t<span class=\"elementor-toggle-icon-opened\"><i class=\"elementor-toggle-icon-opened fas fa-caret-up\"><\/i><\/span>\n\t\t\t\t\t\t\t\t\t\t\t\t\t<\/span>\n\t\t\t\t\t\t\t\t\t\t\t\t<a class=\"elementor-toggle-title\" tabindex=\"0\">Kiek laiko galioja dovan\u0173 kuponas? <\/a>\n\t\t\t\t\t<\/div>\n\n\t\t\t\t\t<div id=\"elementor-tab-content-1531\" class=\"elementor-tab-content elementor-clearfix\" data-tab=\"1\" role=\"region\" aria-labelledby=\"elementor-tab-title-1531\"><p>Dovan\u0173 kuponas \u012fprastai galioja 6 m\u0117n. nuo jo i\u0161davimo datos. Nebent bus nurodyta kitaip.\u00a0<\/p><\/div>\n\t\t\t\t<\/div>\n\t\t\t\t\t\t\t<div class=\"elementor-toggle-item\">\n\t\t\t\t\t<div id=\"elementor-tab-title-1532\" class=\"elementor-tab-title\" data-tab=\"2\" role=\"button\" aria-controls=\"elementor-tab-content-1532\" aria-expanded=\"false\">\n\t\t\t\t\t\t\t\t\t\t\t\t<span class=\"elementor-toggle-icon elementor-toggle-icon-left\" aria-hidden=\"true\">\n\t\t\t\t\t\t\t\t\t\t\t\t\t\t\t<span class=\"elementor-toggle-icon-closed\"><i class=\"fas fa-caret-right\"><\/i><\/span>\n\t\t\t\t\t\t\t\t<span class=\"elementor-toggle-icon-opened\"><i class=\"elementor-toggle-icon-opened fas fa-caret-up\"><\/i><\/span>\n\t\t\t\t\t\t\t\t\t\t\t\t\t<\/span>\n\t\t\t\t\t\t\t\t\t\t\t\t<a class=\"elementor-toggle-title\" tabindex=\"0\">Kaip galima u\u017esakyti dovan\u0173 kupon\u0105?<\/a>\n\t\t\t\t\t<\/div>\n\n\t\t\t\t\t<div id=\"elementor-tab-content-1532\" class=\"elementor-tab-content elementor-clearfix\" data-tab=\"2\" role=\"region\" aria-labelledby=\"elementor-tab-title-1532\"><p>Dovan\u0173 kupon\u0105 galite u\u017esakyti paspaud\u0119 &#8222;Dovan\u0173 id\u0117jos&#8221; , el.pa\u0161tu arba paskambinus telefonu.\u00a0<\/p><\/div>\n\t\t\t\t<\/div>\n\t\t\t\t\t\t\t<div class=\"elementor-toggle-item\">\n\t\t\t\t\t<div id=\"elementor-tab-title-1533\" class=\"elementor-tab-title\" data-tab=\"3\" role=\"button\" aria-controls=\"elementor-tab-content-1533\" aria-expanded=\"false\">\n\t\t\t\t\t\t\t\t\t\t\t\t<span class=\"elementor-toggle-icon elementor-toggle-icon-left\" aria-hidden=\"true\">\n\t\t\t\t\t\t\t\t\t\t\t\t\t\t\t<span class=\"elementor-toggle-icon-closed\"><i class=\"fas fa-caret-right\"><\/i><\/span>\n\t\t\t\t\t\t\t\t<span class=\"elementor-toggle-icon-opened\"><i class=\"elementor-toggle-icon-opened fas fa-caret-up\"><\/i><\/span>\n\t\t\t\t\t\t\t\t\t\t\t\t\t<\/span>\n\t\t\t\t\t\t\t\t\t\t\t\t<a class=\"elementor-toggle-title\" tabindex=\"0\">Kaip bus pristatytas dovan\u0173 kuponas?<\/a>\n\t\t\t\t\t<\/div>\n\n\t\t\t\t\t<div id=\"elementor-tab-content-1533\" class=\"elementor-tab-content elementor-clearfix\" data-tab=\"3\" role=\"region\" aria-labelledby=\"elementor-tab-title-1533\"><p>Dovan\u0173 kuponas siun\u010diamas el.pa\u0161tu , pdf. formatu. J\u012f galima atsispausdinti.\u00a0<\/p><\/div>\n\t\t\t\t<\/div>\n\t\t\t\t\t\t\t<div class=\"elementor-toggle-item\">\n\t\t\t\t\t<div id=\"elementor-tab-title-1534\" class=\"elementor-tab-title\" data-tab=\"4\" role=\"button\" aria-controls=\"elementor-tab-content-1534\" aria-expanded=\"false\">\n\t\t\t\t\t\t\t\t\t\t\t\t<span class=\"elementor-toggle-icon elementor-toggle-icon-left\" aria-hidden=\"true\">\n\t\t\t\t\t\t\t\t\t\t\t\t\t\t\t<span class=\"elementor-toggle-icon-closed\"><i class=\"fas fa-caret-right\"><\/i><\/span>\n\t\t\t\t\t\t\t\t<span class=\"elementor-toggle-icon-opened\"><i class=\"elementor-toggle-icon-opened fas fa-caret-up\"><\/i><\/span>\n\t\t\t\t\t\t\t\t\t\t\t\t\t<\/span>\n\t\t\t\t\t\t\t\t\t\t\t\t<a class=\"elementor-toggle-title\" tabindex=\"0\">Kokio am\u017eiaus vaikas gali \u0161audyti \u0161audykloje?<\/a>\n\t\t\t\t\t<\/div>\n\n\t\t\t\t\t<div id=\"elementor-tab-content-1534\" class=\"elementor-tab-content elementor-clearfix\" data-tab=\"4\" role=\"region\" aria-labelledby=\"elementor-tab-title-1534\"><p>Tai yra individualu kiekvienam atvejui, ta\u010diau mes rekomenduojame ne ma\u017eesniam nei 12 met\u0173.<\/p><\/div>\n\t\t\t\t<\/div>\n\t\t\t\t\t\t\t<div class=\"elementor-toggle-item\">\n\t\t\t\t\t<div id=\"elementor-tab-title-1535\" class=\"elementor-tab-title\" data-tab=\"5\" role=\"button\" aria-controls=\"elementor-tab-content-1535\" aria-expanded=\"false\">\n\t\t\t\t\t\t\t\t\t\t\t\t<span class=\"elementor-toggle-icon elementor-toggle-icon-left\" aria-hidden=\"true\">\n\t\t\t\t\t\t\t\t\t\t\t\t\t\t\t<span class=\"elementor-toggle-icon-closed\"><i class=\"fas fa-caret-right\"><\/i><\/span>\n\t\t\t\t\t\t\t\t<span class=\"elementor-toggle-icon-opened\"><i class=\"elementor-toggle-icon-opened fas fa-caret-up\"><\/i><\/span>\n\t\t\t\t\t\t\t\t\t\t\t\t\t<\/span>\n\t\t\t\t\t\t\t\t\t\t\t\t<a class=\"elementor-toggle-title\" tabindex=\"0\">Niekada neesu \u0161aud\u0119s koviniais ginklais. Ar reikia papildom\u0173 mokym\u0173 prie\u0161 atvykstant \u012f J\u016bs\u0173 \u0161audykl\u0105?<\/a>\n\t\t\t\t\t<\/div>\n\n\t\t\t\t\t<div id=\"elementor-tab-content-1535\" class=\"elementor-tab-content elementor-clearfix\" data-tab=\"5\" role=\"region\" aria-labelledby=\"elementor-tab-title-1535\"><p>Papildom\u0173 mokym\u0173 prie\u0161 atvykstant tikrai nereikia. Visk\u0105 apmokome vietoje. Instruktorius patars, kaip stov\u0117ti, laikyti ginkl\u0105, kaip u\u017esitaisyti, taikytis ir \u0161auti. Intruktorius bus \u0161alia viso \u0161audymo metu.<\/p><\/div>\n\t\t\t\t<\/div>\n\t\t\t\t\t\t\t<div class=\"elementor-toggle-item\">\n\t\t\t\t\t<div id=\"elementor-tab-title-1536\" class=\"elementor-tab-title\" data-tab=\"6\" role=\"button\" aria-controls=\"elementor-tab-content-1536\" aria-expanded=\"false\">\n\t\t\t\t\t\t\t\t\t\t\t\t<span class=\"elementor-toggle-icon elementor-toggle-icon-left\" aria-hidden=\"true\">\n\t\t\t\t\t\t\t\t\t\t\t\t\t\t\t<span class=\"elementor-toggle-icon-closed\"><i class=\"fas fa-caret-right\"><\/i><\/span>\n\t\t\t\t\t\t\t\t<span class=\"elementor-toggle-icon-opened\"><i class=\"elementor-toggle-icon-opened fas fa-caret-up\"><\/i><\/span>\n\t\t\t\t\t\t\t\t\t\t\t\t\t<\/span>\n\t\t\t\t\t\t\t\t\t\t\t\t<a class=\"elementor-toggle-title\" tabindex=\"0\">Kokius ginklus galiu i\u0161bandyti su dovan\u0173 kuponu?<\/a>\n\t\t\t\t\t<\/div>\n\n\t\t\t\t\t<div id=\"elementor-tab-content-1536\" class=\"elementor-tab-content elementor-clearfix\" data-tab=\"6\" role=\"region\" aria-labelledby=\"elementor-tab-title-1536\"><p>Dovan\u0173 kuponas galioja visoms m\u016bs\u0173 \u0160audyklos paslaugoms.<\/p><\/div>\n\t\t\t\t<\/div>\n\t\t\t\t\t\t\t<div class=\"elementor-toggle-item\">\n\t\t\t\t\t<div id=\"elementor-tab-title-1537\" class=\"elementor-tab-title\" data-tab=\"7\" role=\"button\" aria-controls=\"elementor-tab-content-1537\" aria-expanded=\"false\">\n\t\t\t\t\t\t\t\t\t\t\t\t<span class=\"elementor-toggle-icon elementor-toggle-icon-left\" aria-hidden=\"true\">\n\t\t\t\t\t\t\t\t\t\t\t\t\t\t\t<span class=\"elementor-toggle-icon-closed\"><i class=\"fas fa-caret-right\"><\/i><\/span>\n\t\t\t\t\t\t\t\t<span class=\"elementor-toggle-icon-opened\"><i class=\"elementor-toggle-icon-opened fas fa-caret-up\"><\/i><\/span>\n\t\t\t\t\t\t\t\t\t\t\t\t\t<\/span>\n\t\t\t\t\t\t\t\t\t\t\t\t<a class=\"elementor-toggle-title\" tabindex=\"0\">Ar reikia registruotis i\u0161 anksto?<\/a>\n\t\t\t\t\t<\/div>\n\n\t\t\t\t\t<div id=\"elementor-tab-content-1537\" class=\"elementor-tab-content elementor-clearfix\" data-tab=\"7\" role=\"region\" aria-labelledby=\"elementor-tab-title-1537\"><p><span style=\"color: rgb(74, 78, 87); font-family: Montserrat; font-size: 14px; font-style: normal; font-weight: 400;\">I\u0161ankstin\u0117 registracija yra reikalinga, nes mes turime reguliuoti klient\u0173 srautus ir paruo\u0161ti \u0161audymui skirtus ginklus, kad nereik\u0117t\u0173 atvykus laukti.<\/span><br><\/p><\/div>\n\t\t\t\t<\/div>\n\t\t\t\t\t\t\t\t\t\t<script type=\"application\/ld+json\">{\"@context\":\"https:\\\/\\\/schema.org\",\"@type\":\"FAQPage\",\"mainEntity\":[{\"@type\":\"Question\",\"name\":\"Kiek laiko galioja dovan\\u0173 kuponas?\",\"acceptedAnswer\":{\"@type\":\"Answer\",\"text\":\"<p>Dovan\\u0173 kuponas \\u012fprastai galioja 6 m\\u0117n. nuo jo i\\u0161davimo datos. Nebent bus nurodyta kitaip.\\u00a0<\\\/p>\"}},{\"@type\":\"Question\",\"name\":\"Kaip galima u\\u017esakyti dovan\\u0173 kupon\\u0105?\",\"acceptedAnswer\":{\"@type\":\"Answer\",\"text\":\"<p>Dovan\\u0173 kupon\\u0105 galite u\\u017esakyti paspaud\\u0119 &#8222;Dovan\\u0173 id\\u0117jos&#8221; , el.pa\\u0161tu arba paskambinus telefonu.\\u00a0<\\\/p>\"}},{\"@type\":\"Question\",\"name\":\"Kaip bus pristatytas dovan\\u0173 kuponas?\",\"acceptedAnswer\":{\"@type\":\"Answer\",\"text\":\"<p>Dovan\\u0173 kuponas siun\\u010diamas el.pa\\u0161tu , pdf. formatu. J\\u012f galima atsispausdinti.\\u00a0<\\\/p>\"}},{\"@type\":\"Question\",\"name\":\"Kokio am\\u017eiaus vaikas gali \\u0161audyti \\u0161audykloje?\",\"acceptedAnswer\":{\"@type\":\"Answer\",\"text\":\"<p>Tai yra individualu kiekvienam atvejui, ta\\u010diau mes rekomenduojame ne ma\\u017eesniam nei 12 met\\u0173.<\\\/p>\"}},{\"@type\":\"Question\",\"name\":\"Niekada neesu \\u0161aud\\u0119s koviniais ginklais. Ar reikia papildom\\u0173 mokym\\u0173 prie\\u0161 atvykstant \\u012f J\\u016bs\\u0173 \\u0161audykl\\u0105?\",\"acceptedAnswer\":{\"@type\":\"Answer\",\"text\":\"<p>Papildom\\u0173 mokym\\u0173 prie\\u0161 atvykstant tikrai nereikia. Visk\\u0105 apmokome vietoje. Instruktorius patars, kaip stov\\u0117ti, laikyti ginkl\\u0105, kaip u\\u017esitaisyti, taikytis ir \\u0161auti. Intruktorius bus \\u0161alia viso \\u0161audymo metu.<\\\/p>\"}},{\"@type\":\"Question\",\"name\":\"Kokius ginklus galiu i\\u0161bandyti su dovan\\u0173 kuponu?\",\"acceptedAnswer\":{\"@type\":\"Answer\",\"text\":\"<p>Dovan\\u0173 kuponas galioja visoms m\\u016bs\\u0173 \\u0160audyklos paslaugoms.<\\\/p>\"}},{\"@type\":\"Question\",\"name\":\"Ar reikia registruotis i\\u0161 anksto?\",\"acceptedAnswer\":{\"@type\":\"Answer\",\"text\":\"<p><span style=\\\"color: rgb(74, 78, 87); font-family: Montserrat; font-size: 14px; font-style: normal; font-weight: 400;\\\">I\\u0161ankstin\\u0117 registracija yra reikalinga, nes mes turime reguliuoti klient\\u0173 srautus ir paruo\\u0161ti \\u0161audymui skirtus ginklus, kad nereik\\u0117t\\u0173 atvykus laukti.<\\\/span><br><\\\/p>\"}}]}<\/script>\n\t\t\t\t\t<\/div>\n\t\t\t\t\t\t<\/div>\n\t\t\t\t<\/div>\n\t\t\t\t\t<\/div>\n\t\t<\/div>\n\t\t\t\t\t<\/div>\n\t\t<\/section>\n\t\t\t\t<\/div>\n\t\t","protected":false},"excerpt":{"rendered":"<p>Kiek laiko galioja dovan\u0173 kuponas? Dovan\u0173 kuponas \u012fprastai galioja 6 m\u0117n. nuo jo i\u0161davimo datos. Nebent bus nurodyta kitaip.\u00a0 Kaip galima u\u017esakyti dovan\u0173 kupon\u0105? Dovan\u0173 kupon\u0105 galite u\u017esakyti paspaud\u0119 &#8222;Dovan\u0173 id\u0117jos&#8221; , el.pa\u0161tu arba paskambinus telefonu.\u00a0 Kaip bus pristatytas dovan\u0173 kuponas? Dovan\u0173 kuponas siun\u010diamas el.pa\u0161tu , pdf. formatu. J\u012f galima atsispausdinti.\u00a0 Kokio am\u017eiaus vaikas gali \u0161audyti \u0161audykloje? Tai yra individualu&hellip;<\/p>\n","protected":false},"author":1,"featured_media":0,"parent":0,"menu_order":0,"comment_status":"closed","ping_status":"closed","template":"","meta":{"footnotes":""},"class_list":["post-5863","page","type-page","status-publish","hentry"],"_links":{"self":[{"href":"https:\/\/saudyklajonava.lt\/index.php?rest_route=\/wp\/v2\/pages\/5863","targetHints":{"allow":["GET"]}}],"collection":[{"href":"https:\/\/saudyklajonava.lt\/index.php?rest_route=\/wp\/v2\/pages"}],"about":[{"href":"https:\/\/saudyklajonava.lt\/index.php?rest_route=\/wp\/v2\/types\/page"}],"author":[{"embeddable":true,"href":"https:\/\/saudyklajonava.lt\/index.php?rest_route=\/wp\/v2\/users\/1"}],"replies":[{"embeddable":true,"href":"https:\/\/saudyklajonava.lt\/index.php?rest_route=%2Fwp%2Fv2%2Fcomments&post=5863"}],"version-history":[{"count":9,"href":"https:\/\/saudyklajonava.lt\/index.php?rest_route=\/wp\/v2\/pages\/5863\/revisions"}],"predecessor-version":[{"id":5963,"href":"https:\/\/saudyklajonava.lt\/index.php?rest_route=\/wp\/v2\/pages\/5863\/revisions\/5963"}],"wp:attachment":[{"href":"https:\/\/saudyklajonava.lt\/index.php?rest_route=%2Fwp%2Fv2%2Fmedia&parent=5863"}],"curies":[{"name":"wp","href":"https:\/\/api.w.org\/{rel}","templated":true}]}}