{"id":1503,"date":"2019-02-07T13:35:14","date_gmt":"2019-02-07T13:35:14","guid":{"rendered":"http:\/\/saudyklajonava.lt\/?page_id=1503"},"modified":"2023-07-24T13:29:59","modified_gmt":"2023-07-24T13:29:59","slug":"privacy-policy","status":"publish","type":"page","link":"https:\/\/saudyklajonava.lt\/?page_id=1503","title":{"rendered":"\u0160audyklos taisykl\u0117s"},"content":{"rendered":"<div class=\"wpb-content-wrapper\"><p>[vc_row hide_bg_image_on_tablet=&#8221;&#8221; hide_bg_image_on_mobile=&#8221;&#8221; css=&#8221;.vc_custom_1527690588959{background-color: #f7f8f9 !important;}&#8221;][vc_column icons_position=&#8221;left&#8221;][vc_empty_space height=&#8221;4em&#8221; alter_height=&#8221;none&#8221; hide_on_desktop=&#8221;&#8221; hide_on_notebook=&#8221;&#8221; hide_on_tablet=&#8221;&#8221; hide_on_mobile=&#8221;&#8221;][vc_column_text]<\/p>\n<h3 class=\"article-title\">PAGRINDIN\u0116S 4 Saugaus elgesio su ginklu taisykl\u0117s<\/h3>\n<ol>\n<li>Su VISAIS ginklais, VISADA elgtis taip tarsi jie b\u016bt\u0173 u\u017etaisyti.<\/li>\n<li>Nenukreipin\u0117ti ginklo \u012f tai ko neketini per\u0161auti ar nu\u0161auti.<\/li>\n<li>Pir\u0161tas visada NE ANT NULEISTUKO iki tol kol dar nenukreip\u0117t ginklo \u012f taikin\u012f ir nesiruo\u0161iat \u0161auti.<\/li>\n<li>Visada b\u016bkite \u012fsitikin\u0119 d\u0117l savo TAIKINIO ir tai kas yra U\u017d jo.<\/li>\n<\/ol>\n<p>[\/vc_column_text][\/vc_column][\/vc_row][vc_row hide_bg_image_on_tablet=&#8221;&#8221; hide_bg_image_on_mobile=&#8221;&#8221; css=&#8221;.vc_custom_1527690597112{background-color: #f7f8f9 !important;}&#8221;][vc_column icons_position=&#8221;left&#8221;][vc_empty_space height=&#8221;4em&#8221; alter_height=&#8221;none&#8221; hide_on_desktop=&#8221;&#8221; hide_on_notebook=&#8221;&#8221; hide_on_tablet=&#8221;&#8221; hide_on_mobile=&#8221;&#8221;]<div id=\"sc_content_383108272\"\r\n\t\tclass=\"sc_content color_style_default sc_content_default sc_float_center p70\"><div class=\"sc_content_container\">[vc_column_text]<\/p>\n<h3 class=\"article-title\">\u0160audykloje draud\u017eiama:<\/h3>\n<ol>\n<li>Pa\u017eeisti \u0161audyklos saugos elgesio taisykles;<\/li>\n<li>\u0160audyti apsvaigus nuo alkoholio, narkotini\u0173, psichotropini\u0173 ar kit\u0173 psichik\u0105 veikian\u010di\u0173 med\u017eiag\u0173;<\/li>\n<li>\u0160audyti vir\u0161 apsaugini\u0173 pylim\u0173 ir\/ar neapsauginio pylimo kryptimi;<\/li>\n<li>Taikytis \u012f taikinius esan\u010dius ne ugnies zonoje;<\/li>\n<li>\u0160audyti \u012f kitiems \u0161auliams skirtus taikinius;<\/li>\n<li>Atsine\u0161ti ir\/ar \u0161audyti \u012f kitus daiktus (buteliai, akmenys, d\u0117\u017eut\u0117s it t.t.), i\u0161skyrus taikinius;<\/li>\n<li>\u012esine\u0161ti ir \u0161audyti \u012f savo metalinius taikinius ar \u012frenginius be \u0161audyklos administracijos leidimo;<\/li>\n<li>I\u0161kasti, perne\u0161ti ir\/ar guldyti taikini\u0173 stovus;<\/li>\n<li>\u0160audyti \u012f taikini\u0173 stovus ir\/ar taikini\u0173 laikikli\u0173 konstrukcijas, \u0161iuk\u0161led\u0117\u017ees, stalus ir\/ar kit\u0105 \u0161audyklos inventori\u0173 ar kitaip j\u012f gadinti ir\/ar niokoti;<\/li>\n<li>Ugnies linijoje nukreipti ginkl\u0105 nesaugia kryptimi;<\/li>\n<li>Laikyti pir\u0161t\u0105 ant ginklo nuleistuko, jeigu neketinate \u0161auti;<\/li>\n<li>U\u017etaisyti ginkl\u0105, i\u0161imti i\u0161 d\u0117klo, liesti pad\u0117t\u0105 ginkl\u0105, kai ugnies zonoje yra \u017emoni\u0173;<\/li>\n<li>Palikti u\u017etaisyta ginkl\u0105;<\/li>\n<li>Liesti svetim\u0105 ginkl\u0105 be savininko leidimo;<\/li>\n<li>I\u0161ne\u0161ti u\u017etaisyt\u0105 ginkl\u0105 u\u017e ugnies linijos rib\u0173;<\/li>\n<li>\u0160audyti i\u0161 netvarking\u0173 ginkl\u0173;<\/li>\n<li>Naudoti ginkl\u0105 ne pagal paskirt\u012f;<\/li>\n<li>Palikti be suaugusi\u0173j\u0173 prie\u017ei\u016bros vaikus ir nepilname\u010dius asmenis;<\/li>\n<li>Be \u0161audyklos administracijos leidimo \u012fsivesti naminius gyv\u016bnus;<\/li>\n<li>\u012eva\u017eiuoti \u012f \u0161audyklos teritorij\u0105 be \u0161audyklos administracijos leidimo;<\/li>\n<li>\u0160audyklos teritorijoje b\u016bti be apsaugos priemoni\u0173.<\/li>\n<li>Rinkti gilzes, be \u0161audyklos administracijos leidimo.<\/li>\n<\/ol>\n<p>\u0160audyti \u0161audmenimis su trasuojan\u010diomis, padegamosiomi, sprogstamosiomis, \u0161arvamu\u0161\u0117mis kulkomis,su kulkomis turin\u010diomis kieto metalo \u0161erd\u012f.[\/vc_column_text]<\/div><\/div><!-- \/.sc_content -->[vc_empty_space height=&#8221;4em&#8221; alter_height=&#8221;none&#8221; hide_on_desktop=&#8221;&#8221; hide_on_notebook=&#8221;&#8221; hide_on_tablet=&#8221;&#8221; hide_on_mobile=&#8221;&#8221;][\/vc_column][\/vc_row][vc_row][vc_column icons_position=&#8221;left&#8221;][vc_empty_space height=&#8221;70px&#8221; alter_height=&#8221;none&#8221; hide_on_desktop=&#8221;&#8221; hide_on_notebook=&#8221;&#8221; hide_on_tablet=&#8221;&#8221; hide_on_mobile=&#8221;&#8221;][\/vc_column][\/vc_row]<\/p>\n<\/div>","protected":false},"excerpt":{"rendered":"<p>[vc_row hide_bg_image_on_tablet=&#8221;&#8221; hide_bg_image_on_mobile=&#8221;&#8221; css=&#8221;.vc_custom_1527690588959{background-color: #f7f8f9 !important;}&#8221;][vc_column icons_position=&#8221;left&#8221;][vc_empty_space height=&#8221;4em&#8221; alter_height=&#8221;none&#8221; hide_on_desktop=&#8221;&#8221; hide_on_notebook=&#8221;&#8221; hide_on_tablet=&#8221;&#8221; hide_on_mobile=&#8221;&#8221;][vc_column_text] PAGRINDIN\u0116S 4 Saugaus elgesio su ginklu taisykl\u0117s Su VISAIS ginklais, VISADA elgtis taip tarsi jie b\u016bt\u0173 u\u017etaisyti. Nenukreipin\u0117ti ginklo \u012f tai ko neketini per\u0161auti ar nu\u0161auti. Pir\u0161tas visada NE ANT NULEISTUKO iki tol kol dar nenukreip\u0117t ginklo \u012f taikin\u012f ir nesiruo\u0161iat \u0161auti. Visada b\u016bkite \u012fsitikin\u0119 d\u0117l savo&hellip;<\/p>\n","protected":false},"author":1,"featured_media":0,"parent":0,"menu_order":0,"comment_status":"closed","ping_status":"closed","template":"elementor_header_footer","meta":{"footnotes":""},"class_list":["post-1503","page","type-page","status-publish","hentry"],"_links":{"self":[{"href":"https:\/\/saudyklajonava.lt\/index.php?rest_route=\/wp\/v2\/pages\/1503","targetHints":{"allow":["GET"]}}],"collection":[{"href":"https:\/\/saudyklajonava.lt\/index.php?rest_route=\/wp\/v2\/pages"}],"about":[{"href":"https:\/\/saudyklajonava.lt\/index.php?rest_route=\/wp\/v2\/types\/page"}],"author":[{"embeddable":true,"href":"https:\/\/saudyklajonava.lt\/index.php?rest_route=\/wp\/v2\/users\/1"}],"replies":[{"embeddable":true,"href":"https:\/\/saudyklajonava.lt\/index.php?rest_route=%2Fwp%2Fv2%2Fcomments&post=1503"}],"version-history":[{"count":6,"href":"https:\/\/saudyklajonava.lt\/index.php?rest_route=\/wp\/v2\/pages\/1503\/revisions"}],"predecessor-version":[{"id":5396,"href":"https:\/\/saudyklajonava.lt\/index.php?rest_route=\/wp\/v2\/pages\/1503\/revisions\/5396"}],"wp:attachment":[{"href":"https:\/\/saudyklajonava.lt\/index.php?rest_route=%2Fwp%2Fv2%2Fmedia&parent=1503"}],"curies":[{"name":"wp","href":"https:\/\/api.w.org\/{rel}","templated":true}]}}